{"id":2382,"date":"2015-03-20T15:27:47","date_gmt":"2015-03-20T15:27:47","guid":{"rendered":"http:\/\/onegona.com\/?page_id=2382"},"modified":"2016-06-08T16:43:41","modified_gmt":"2016-06-08T16:43:41","slug":"empresa","status":"publish","type":"page","link":"https:\/\/onegona.com\/?page_id=2382","title":{"rendered":"Empresa"},"content":{"rendered":"<p>Somos un taller para las marcas, ofreciendo una soluci\u00f3n dependiendo del problema de cada cliente, nuestra operaci\u00f3n ofrece equipos interdisciplinarios para cada proyecto sin afectar el presupuesto de nuestros socios comerciales.<\/p>\n<p>Nos especializamos en comunicaci\u00f3n para diferentes plataformas, un colectivo de mentes brillantes en una operaci\u00f3n vers\u00e1til y muy \u00e1gil, que ofrece un trabajo m\u00e1s cercano con nuestros clientes, escuchando sus preocupaciones y resolvi\u00e9ndolas juntos. Unimos comunicadores, estrategas, dise\u00f1adores, arquitectos, programadores web, productores, expertos en medios y especialistas en imagen, que piensan para su producto o servicio, en operaciones justo a la medida de su necesidad estrat\u00e9gica y econ\u00f3mica.<\/p>\n<p>El mundo de las comunicaciones ha cambiado y Onegona tiene una respuesta para este nuevo contexto.<\/p>\n","protected":false},"excerpt":{"rendered":"<p>Somos un taller para las marcas, ofreciendo una soluci\u00f3n dependiendo del problema de cada cliente, nuestra operaci\u00f3n ofrece equipos interdisciplinarios para cada proyecto sin afectar el presupuesto de nuestros socios comerciales. Nos especializamos en comunicaci\u00f3n para diferentes plataformas, un colectivo de mentes brillantes en una operaci\u00f3n vers\u00e1til y muy \u00e1gil, que ofrece un trabajo m\u00e1s cercano con nuestros clientes, escuchando sus preocupaciones y resolvi\u00e9ndolas juntos. Unimos comunicadores, estrategas, dise\u00f1adores, arquitectos, programadores web, productores, expertos en medios y especialistas en imagen, que piensan para su producto o servicio, en operaciones justo a la medida de su necesidad estrat\u00e9gica y econ\u00f3mica. El&hellip;<\/p>\n","protected":false},"author":1,"featured_media":0,"parent":0,"menu_order":0,"comment_status":"open","ping_status":"open","template":"","meta":{"footnotes":""},"class_list":["post-2382","page","type-page","status-publish","hentry"],"_links":{"self":[{"href":"https:\/\/onegona.com\/index.php?rest_route=\/wp\/v2\/pages\/2382","targetHints":{"allow":["GET"]}}],"collection":[{"href":"https:\/\/onegona.com\/index.php?rest_route=\/wp\/v2\/pages"}],"about":[{"href":"https:\/\/onegona.com\/index.php?rest_route=\/wp\/v2\/types\/page"}],"author":[{"embeddable":true,"href":"https:\/\/onegona.com\/index.php?rest_route=\/wp\/v2\/users\/1"}],"replies":[{"embeddable":true,"href":"https:\/\/onegona.com\/index.php?rest_route=%2Fwp%2Fv2%2Fcomments&post=2382"}],"version-history":[{"count":11,"href":"https:\/\/onegona.com\/index.php?rest_route=\/wp\/v2\/pages\/2382\/revisions"}],"predecessor-version":[{"id":3060,"href":"https:\/\/onegona.com\/index.php?rest_route=\/wp\/v2\/pages\/2382\/revisions\/3060"}],"wp:attachment":[{"href":"https:\/\/onegona.com\/index.php?rest_route=%2Fwp%2Fv2%2Fmedia&parent=2382"}],"curies":[{"name":"wp","href":"https:\/\/api.w.org\/{rel}","templated":true}]}}